{"id":820,"date":"2021-01-31T00:29:40","date_gmt":"2021-01-30T23:29:40","guid":{"rendered":"https:\/\/interiors.eweld.pl\/?page_id=820"},"modified":"2021-03-10T19:55:08","modified_gmt":"2021-03-10T18:55:08","slug":"wykonczenie-powierzchni","status":"publish","type":"page","link":"https:\/\/interiors.eweld.pl\/en\/wykonczenie-powierzchni\/","title":{"rendered":"SURFACE FINISH"},"content":{"rendered":"<p>[et_pb_section fb_built=&#8221;1&#8243; admin_label=&#8221;Team&#8221; _builder_version=&#8221;4.7.7&#8243; custom_padding=&#8221;0px||0px|||&#8221; saved_tabs=&#8221;all&#8221;][et_pb_row _builder_version=&#8221;4.7.7&#8243; _module_preset=&#8221;default&#8221;][et_pb_column type=&#8221;4_4&#8243; _builder_version=&#8221;4.7.7&#8243; _module_preset=&#8221;default&#8221;][et_pb_text _builder_version=&#8221;4.7.7&#8243; _module_preset=&#8221;default&#8221; text_font=&#8221;|600|||||||&#8221; text_text_color=&#8221;#F7B500&#8243; text_font_size=&#8221;32px&#8221; custom_margin=&#8221;33px||55px|||&#8221;]<\/p>\n<p style=\"text-align: center;\">SURFACE FINISH<\/p>\n<p>[\/et_pb_text][et_pb_text _builder_version=&#8221;4.7.7&#8243; _module_preset=&#8221;default&#8221; text_font=&#8221;|300|||||||&#8221; text_text_color=&#8221;#747d88&#8243;]<\/p>\n<p class=\"p1\" style=\"text-align: justify;\">We trowel the walls smooth and paint them any color you want. Finish the wall with decorative plaster, or microcement. We will wallpaper selected areas. We will also lay decorative brick, both \"real old brick\" and modern replacements. We lay stoneware and ceramic tiles, not only in the classic rectangular shape, but also hexagons, rhomboids, etc.<\/p>\n<p>[\/et_pb_text][\/et_pb_column][\/et_pb_row][\/et_pb_section][et_pb_section fb_built=&#8221;1&#8243; _builder_version=&#8221;4.7.7&#8243; _module_preset=&#8221;default&#8221; custom_margin=&#8221;39px|||||&#8221; custom_padding=&#8221;0px||0px|||&#8221;][et_pb_row column_structure=&#8221;1_4,1_4,1_4,1_4&#8243; use_custom_gutter=&#8221;on&#8221; gutter_width=&#8221;1&#8243; _builder_version=&#8221;4.7.7&#8243; width=&#8221;100%&#8221; max_width=&#8221;none&#8221; custom_padding=&#8221;0px||0px||true|false&#8221; z_index__hover_enabled=&#8221;on|hover&#8221; z_index__hover=&#8221;99&#8243; custom_padding__hover_enabled=&#8221;off|desktop&#8221; custom_padding__hover=&#8221;67px||67px||true|false&#8221;][et_pb_column type=&#8221;1_4&#8243; _builder_version=&#8221;4.7.7&#8243; filter_saturate=&#8221;0%&#8221; link_option_url=&#8221;#&#8221; z_index_last_edited=&#8221;off|desktop&#8221; box_shadow_style=&#8221;preset1&#8243; box_shadow_vertical=&#8221;0px&#8221; box_shadow_blur=&#8221;0px&#8221; box_shadow_color=&#8221;rgba(0,0,0,0.59)&#8221; z_index__hover=&#8221;99&#8243; z_index__hover_enabled=&#8221;on|hover&#8221; filter_saturate__hover_enabled=&#8221;on|hover&#8221; filter_saturate__hover=&#8221;100%&#8221; transform_styles__hover_enabled=&#8221;on|hover&#8221; transform_scale__hover_enabled=&#8221;on|hover&#8221; transform_translate__hover_enabled=&#8221;on|desktop&#8221; transform_rotate__hover_enabled=&#8221;on|desktop&#8221; transform_skew__hover_enabled=&#8221;on|desktop&#8221; transform_origin__hover_enabled=&#8221;on|desktop&#8221; transform_scale__hover=&#8221;103%|103%&#8221; box_shadow_blur__hover_enabled=&#8221;on|hover&#8221; box_shadow_blur__hover=&#8221;80px&#8221;][et_pb_text _builder_version=&#8221;4.8.2&#8243; text_text_color=&#8221;rgba(0,0,0,0)&#8221; header_3_font=&#8221;Montserrat|||on|||||&#8221; header_3_text_align=&#8221;center&#8221; header_3_text_color=&#8221;rgba(0,0,0,0)&#8221; background_image=&#8221;https:\/\/interiors.eweld.pl\/wp-content\/uploads\/2021\/03\/3-7.png&#8221; text_orientation=&#8221;center&#8221; background_layout=&#8221;dark&#8221; custom_padding=&#8221;240px|20px|80px|20px|false|true&#8221; hover_enabled=&#8221;0&#8243; text_text_align=&#8221;center&#8221; background_color_gradient_start__hover=&#8221;rgba(0,0,0,0.08)&#8221; background_color_gradient_end__hover=&#8221;#000000&#8243; text_text_color__hover_enabled=&#8221;on|hover&#8221; text_text_color__hover=&#8221;#ffffff&#8221; header_3_text_color__hover_enabled=&#8221;on|hover&#8221; header_3_text_color__hover=&#8221;#ffffff&#8221; background_color_gradient_overlays_image__hover=&#8221;on&#8221; background__hover_enabled=&#8221;on|hover&#8221; use_background_color_gradient__hover=&#8221;off&#8221; title_text=&#8221;3&#8243; sticky_enabled=&#8221;0&#8243;]<\/p>\n<p>&nbsp;<\/p>\n<p>&nbsp;<\/p>\n<p>[\/et_pb_text][\/et_pb_column][et_pb_column type=&#8221;1_4&#8243; _builder_version=&#8221;3.27.1&#8243; filter_saturate=&#8221;0%&#8221; link_option_url=&#8221;#&#8221; z_index_last_edited=&#8221;off|desktop&#8221; box_shadow_style=&#8221;preset1&#8243; box_shadow_vertical=&#8221;0px&#8221; box_shadow_blur=&#8221;0px&#8221; box_shadow_color=&#8221;rgba(0,0,0,0.59)&#8221; z_index__hover=&#8221;99&#8243; z_index__hover_enabled=&#8221;on|hover&#8221; filter_saturate__hover_enabled=&#8221;on|hover&#8221; filter_saturate__hover=&#8221;100%&#8221; transform_styles__hover_enabled=&#8221;on|hover&#8221; transform_scale__hover_enabled=&#8221;on|hover&#8221; transform_translate__hover_enabled=&#8221;on|desktop&#8221; transform_rotate__hover_enabled=&#8221;on|desktop&#8221; transform_skew__hover_enabled=&#8221;on|desktop&#8221; transform_origin__hover_enabled=&#8221;on|desktop&#8221; transform_scale__hover=&#8221;103%|103%&#8221; box_shadow_blur__hover_enabled=&#8221;on|hover&#8221; box_shadow_blur__hover=&#8221;80px&#8221;][et_pb_text _builder_version=&#8221;4.7.7&#8243; text_text_color=&#8221;rgba(0,0,0,0)&#8221; header_3_font=&#8221;Montserrat|||on|||||&#8221; header_3_text_align=&#8221;center&#8221; header_3_text_color=&#8221;rgba(0,0,0,0)&#8221; background_image=&#8221;https:\/\/interiors.eweld.pl\/wp-content\/uploads\/2021\/01\/2-3.png&#8221; text_orientation=&#8221;center&#8221; background_layout=&#8221;dark&#8221; custom_padding=&#8221;240px|20px|80px|20px|false|true&#8221; text_text_align=&#8221;center&#8221; background_color_gradient_start__hover=&#8221;rgba(0,0,0,0.08)&#8221; background_color_gradient_end__hover=&#8221;#000000&#8243; text_text_color__hover_enabled=&#8221;on|hover&#8221; text_text_color__hover=&#8221;#ffffff&#8221; header_3_text_color__hover_enabled=&#8221;on|hover&#8221; header_3_text_color__hover=&#8221;#ffffff&#8221; background_color_gradient_overlays_image__hover=&#8221;on&#8221; background__hover_enabled=&#8221;on|hover&#8221; use_background_color_gradient__hover=&#8221;off&#8221;]<\/p>\n<p>&nbsp;<\/p>\n<p>&nbsp;<\/p>\n<p>[\/et_pb_text][\/et_pb_column][et_pb_column type=&#8221;1_4&#8243; _builder_version=&#8221;3.27.1&#8243; filter_saturate=&#8221;0%&#8221; link_option_url=&#8221;#&#8221; z_index_last_edited=&#8221;off|desktop&#8221; box_shadow_style=&#8221;preset1&#8243; box_shadow_vertical=&#8221;0px&#8221; box_shadow_blur=&#8221;0px&#8221; box_shadow_color=&#8221;rgba(0,0,0,0.59)&#8221; z_index__hover=&#8221;99&#8243; z_index__hover_enabled=&#8221;on|hover&#8221; filter_saturate__hover_enabled=&#8221;on|hover&#8221; filter_saturate__hover=&#8221;100%&#8221; transform_styles__hover_enabled=&#8221;on|hover&#8221; transform_scale__hover_enabled=&#8221;on|hover&#8221; transform_translate__hover_enabled=&#8221;on|desktop&#8221; transform_rotate__hover_enabled=&#8221;on|desktop&#8221; transform_skew__hover_enabled=&#8221;on|desktop&#8221; transform_origin__hover_enabled=&#8221;on|desktop&#8221; transform_scale__hover=&#8221;103%|103%&#8221; box_shadow_blur__hover_enabled=&#8221;on|hover&#8221; box_shadow_blur__hover=&#8221;80px&#8221;][et_pb_text _builder_version=&#8221;4.8.2&#8243; text_text_color=&#8221;rgba(0,0,0,0)&#8221; header_3_font=&#8221;Montserrat|||on|||||&#8221; header_3_text_align=&#8221;center&#8221; header_3_text_color=&#8221;rgba(0,0,0,0)&#8221; background_image=&#8221;https:\/\/interiors.eweld.pl\/wp-content\/uploads\/2021\/03\/2-7.png&#8221; text_orientation=&#8221;center&#8221; background_layout=&#8221;dark&#8221; custom_padding=&#8221;240px|20px|80px|20px|false|true&#8221; hover_enabled=&#8221;0&#8243; text_text_align=&#8221;center&#8221; background_color_gradient_start__hover=&#8221;rgba(0,0,0,0.08)&#8221; background_color_gradient_end__hover=&#8221;#000000&#8243; text_text_color__hover_enabled=&#8221;on|hover&#8221; text_text_color__hover=&#8221;#ffffff&#8221; header_3_text_color__hover_enabled=&#8221;on|hover&#8221; header_3_text_color__hover=&#8221;#ffffff&#8221; background_color_gradient_overlays_image__hover=&#8221;on&#8221; background__hover_enabled=&#8221;on|hover&#8221; use_background_color_gradient__hover=&#8221;off&#8221; title_text=&#8221;2&#8243; sticky_enabled=&#8221;0&#8243;]<\/p>\n<p>&nbsp;<\/p>\n<p>&nbsp;<\/p>\n<p>[\/et_pb_text][\/et_pb_column][et_pb_column type=&#8221;1_4&#8243; _builder_version=&#8221;3.27.1&#8243; filter_saturate=&#8221;0%&#8221; link_option_url=&#8221;#&#8221; z_index_last_edited=&#8221;off|desktop&#8221; box_shadow_style=&#8221;preset1&#8243; box_shadow_vertical=&#8221;0px&#8221; box_shadow_blur=&#8221;0px&#8221; box_shadow_color=&#8221;rgba(0,0,0,0.59)&#8221; z_index__hover=&#8221;99&#8243; z_index__hover_enabled=&#8221;on|hover&#8221; filter_saturate__hover_enabled=&#8221;on|hover&#8221; filter_saturate__hover=&#8221;100%&#8221; transform_styles__hover_enabled=&#8221;on|hover&#8221; transform_scale__hover_enabled=&#8221;on|hover&#8221; transform_translate__hover_enabled=&#8221;on|desktop&#8221; transform_rotate__hover_enabled=&#8221;on|desktop&#8221; transform_skew__hover_enabled=&#8221;on|desktop&#8221; transform_origin__hover_enabled=&#8221;on|desktop&#8221; transform_scale__hover=&#8221;103%|103%&#8221; box_shadow_blur__hover_enabled=&#8221;on|hover&#8221; box_shadow_blur__hover=&#8221;80px&#8221;][et_pb_text _builder_version=&#8221;4.8.2&#8243; text_text_color=&#8221;rgba(0,0,0,0)&#8221; header_3_font=&#8221;Montserrat|||on|||||&#8221; header_3_text_align=&#8221;center&#8221; header_3_text_color=&#8221;rgba(0,0,0,0)&#8221; background_image=&#8221;https:\/\/interiors.eweld.pl\/wp-content\/uploads\/2021\/03\/1-7.png&#8221; text_orientation=&#8221;center&#8221; background_layout=&#8221;dark&#8221; custom_padding=&#8221;240px|20px|80px|20px|false|true&#8221; hover_enabled=&#8221;0&#8243; text_text_align=&#8221;center&#8221; background_color_gradient_start__hover=&#8221;rgba(0,0,0,0.08)&#8221; background_color_gradient_end__hover=&#8221;#000000&#8243; text_text_color__hover_enabled=&#8221;on|hover&#8221; text_text_color__hover=&#8221;#ffffff&#8221; header_3_text_color__hover_enabled=&#8221;on|hover&#8221; header_3_text_color__hover=&#8221;#ffffff&#8221; background_color_gradient_overlays_image__hover=&#8221;on&#8221; background__hover_enabled=&#8221;on|hover&#8221; use_background_color_gradient__hover=&#8221;off&#8221; title_text=&#8221;1&#8243; sticky_enabled=&#8221;0&#8243;]<\/p>\n<p>&nbsp;<\/p>\n<p>&nbsp;<\/p>\n<p>[\/et_pb_text][\/et_pb_column][\/et_pb_row][\/et_pb_section][et_pb_section fb_built=&#8221;1&#8243; admin_label=&#8221;Footer Section&#8221; _builder_version=&#8221;4.7.7&#8243; background_color=&#8221;#F7B500&#8243; custom_margin=&#8221;-1px|||||&#8221; custom_padding=&#8221;65px|0px|0px|0px||&#8221; global_module=&#8221;725&#8243; saved_tabs=&#8221;all&#8221;][et_pb_row column_structure=&#8221;1_4,1_4,1_4,1_4&#8243; admin_label=&#8221;Footer Row&#8221; _builder_version=&#8221;3.25&#8243; custom_margin=&#8221;-33px|auto||auto||&#8221;][et_pb_column type=&#8221;1_4&#8243; _builder_version=&#8221;3.25&#8243; custom_padding=&#8221;|||&#8221; custom_padding__hover=&#8221;|||&#8221;][et_pb_text admin_label=&#8221;Links&#8221; _builder_version=&#8221;4.8.2&#8243; text_font=&#8221;Open Sans|600|||||||&#8221; text_text_color=&#8221;#ffffff&#8221; text_font_size=&#8221;12px&#8221; text_line_height=&#8221;1.4em&#8221; link_font=&#8221;Open Sans|600|||||||&#8221; link_text_color=&#8221;#ffffff&#8221; link_line_height=&#8221;2.5em&#8221; header_font=&#8221;||||||||&#8221; header_2_font=&#8221;||||||||&#8221; header_3_font=&#8221;||||||||&#8221; header_6_font=&#8221;Oswald|500||on|||||&#8221; header_6_text_color=&#8221;rgba(255,255,255,0.4)&#8221; header_6_letter_spacing=&#8221;2px&#8221; header_6_line_height=&#8221;1.7em&#8221; background_layout=&#8221;dark&#8221; module_alignment=&#8221;center&#8221; custom_margin=&#8221;|||&#8221; custom_margin_tablet=&#8221;0px|||&#8221; custom_margin_phone=&#8221;|||&#8221; custom_margin_last_edited=&#8221;off|desktop&#8221; text_line_height_last_edited=&#8221;off|desktop&#8221;]<\/p>\n<h6>VISIT US<\/h6>\n<p class=\"p1\">Company headquarters, warehouse and carpenter's shop<\/p>\n<p class=\"p1\">Pozna\u0144, Staro\u0142\u0119ka<\/p>\n<p class=\"p1\">ul. Ksi\u0105\u017c\u0119ca 1<\/p>\n<p class=\"p1\">61-361 Pozna\u0144<\/p>\n<p>[\/et_pb_text][\/et_pb_column][et_pb_column type=&#8221;1_4&#8243; _builder_version=&#8221;3.25&#8243; custom_padding=&#8221;|||&#8221; custom_padding__hover=&#8221;|||&#8221;][et_pb_text admin_label=&#8221;Links&#8221; _builder_version=&#8221;4.8.2&#8243; text_font=&#8221;Open Sans|600|||||||&#8221; text_text_color=&#8221;#ffffff&#8221; text_font_size=&#8221;12px&#8221; text_line_height=&#8221;1.4em&#8221; link_font=&#8221;Open Sans|600|||||||&#8221; link_text_color=&#8221;#ffffff&#8221; link_line_height=&#8221;2.5em&#8221; header_font=&#8221;||||||||&#8221; header_2_font=&#8221;||||||||&#8221; header_3_font=&#8221;||||||||&#8221; header_6_font=&#8221;Oswald|500||on|||||&#8221; header_6_text_color=&#8221;rgba(255,255,255,0.4)&#8221; header_6_letter_spacing=&#8221;2px&#8221; header_6_line_height=&#8221;1.7em&#8221; background_layout=&#8221;dark&#8221; module_alignment=&#8221;center&#8221; custom_margin=&#8221;|||&#8221; custom_margin_tablet=&#8221;0px|||&#8221; custom_margin_phone=&#8221;|||&#8221; custom_margin_last_edited=&#8221;off|desktop&#8221; text_line_height_last_edited=&#8221;off|desktop&#8221;]<\/p>\n<h6>CONTACT US<\/h6>\n<p class=\"p1\">LANDLINE\u00a0<strong>+ 48 61 662 72 0<\/strong>0<\/p>\n<p class=\"p1\">biuro@eweld.pl<\/p>\n<p>[\/et_pb_text][et_pb_text admin_label=&#8221;Links&#8221; _builder_version=&#8221;4.8.2&#8243; text_font=&#8221;Open Sans|600|||||||&#8221; text_text_color=&#8221;#ffffff&#8221; text_font_size=&#8221;12px&#8221; text_line_height=&#8221;1.4em&#8221; link_font=&#8221;Open Sans|600|||||||&#8221; link_text_color=&#8221;#ffffff&#8221; link_line_height=&#8221;2.5em&#8221; header_font=&#8221;||||||||&#8221; header_2_font=&#8221;||||||||&#8221; header_3_font=&#8221;||||||||&#8221; header_6_font=&#8221;Oswald|500||on|||||&#8221; header_6_text_color=&#8221;rgba(255,255,255,0.4)&#8221; header_6_letter_spacing=&#8221;2px&#8221; header_6_line_height=&#8221;1.7em&#8221; background_layout=&#8221;dark&#8221; module_alignment=&#8221;center&#8221; custom_margin=&#8221;-17px|||||&#8221; custom_margin_tablet=&#8221;0px|||&#8221; custom_margin_phone=&#8221;|||&#8221; custom_margin_last_edited=&#8221;off|desktop&#8221; text_line_height_last_edited=&#8221;off|desktop&#8221;]<\/p>\n<h6>OPENING HOURS<\/h6>\n<p class=\"p1\">Mon-fri 8.00-16.00<\/p>\n<p class=\"p1\">Sob-Niedz: nieczynne<\/p>\n<p>[\/et_pb_text][\/et_pb_column][et_pb_column type=&#8221;1_4&#8243; _builder_version=&#8221;3.25&#8243; custom_padding=&#8221;|||&#8221; custom_padding__hover=&#8221;|||&#8221;][et_pb_text admin_label=&#8221;Links&#8221; _builder_version=&#8221;4.8.2&#8243; text_font=&#8221;Open Sans|600|||||||&#8221; text_text_color=&#8221;#ffffff&#8221; text_font_size=&#8221;12px&#8221; text_line_height=&#8221;1.4em&#8221; link_font=&#8221;Open Sans|600|||||||&#8221; link_text_color=&#8221;#ffffff&#8221; link_line_height=&#8221;2.5em&#8221; header_font=&#8221;||||||||&#8221; header_2_font=&#8221;||||||||&#8221; header_3_font=&#8221;||||||||&#8221; header_6_font=&#8221;Oswald|500||on|||||&#8221; header_6_text_color=&#8221;rgba(255,255,255,0.4)&#8221; header_6_letter_spacing=&#8221;2px&#8221; header_6_line_height=&#8221;1.7em&#8221; background_layout=&#8221;dark&#8221; module_alignment=&#8221;center&#8221; custom_margin=&#8221;|||&#8221; custom_margin_tablet=&#8221;0px|||&#8221; custom_margin_phone=&#8221;|||&#8221; custom_margin_last_edited=&#8221;off|desktop&#8221; text_line_height_last_edited=&#8221;off|desktop&#8221;]<\/p>\n<h6>invoice details<\/h6>\n<p class=\"p1\">EWELD expo solutions Mateusz Kanikowski<\/p>\n<p class=\"p1\">os. Rzeczypospolitej 14\/36<\/p>\n<p class=\"p1\">61-397 Pozna\u0144<\/p>\n<p class=\"p1\">NIP\/VAT ID: PL 782 234 11 85<\/p>\n<p class=\"p1\">REGON: 301558580<\/p>\n<p>[\/et_pb_text][et_pb_text admin_label=&#8221;Links&#8221; _builder_version=&#8221;4.8.2&#8243; text_font=&#8221;Open Sans|600|||||||&#8221; text_text_color=&#8221;#ffffff&#8221; text_font_size=&#8221;12px&#8221; text_line_height=&#8221;1.4em&#8221; link_font=&#8221;Open Sans|600|||||||&#8221; link_text_color=&#8221;#ffffff&#8221; link_line_height=&#8221;2.5em&#8221; header_font=&#8221;||||||||&#8221; header_2_font=&#8221;||||||||&#8221; header_3_font=&#8221;||||||||&#8221; header_6_font=&#8221;Oswald|500||on|||||&#8221; header_6_text_color=&#8221;rgba(255,255,255,0.4)&#8221; header_6_letter_spacing=&#8221;2px&#8221; header_6_line_height=&#8221;1.7em&#8221; background_layout=&#8221;dark&#8221; module_alignment=&#8221;center&#8221; custom_margin=&#8221;-17px|||||&#8221; custom_margin_tablet=&#8221;0px|||&#8221; custom_margin_phone=&#8221;|||&#8221; custom_margin_last_edited=&#8221;off|desktop&#8221; text_line_height_last_edited=&#8221;off|desktop&#8221;]<\/p>\n<h6>privacy policy<\/h6>\n<p class=\"p1\">[\/et_pb_text][\/et_pb_column][et_pb_column type=&#8221;1_4&#8243; _builder_version=&#8221;3.25&#8243; custom_padding=&#8221;|||&#8221; custom_padding__hover=&#8221;|||&#8221;][et_pb_image src=&#8221;https:\/\/interiors.eweld.pl\/wp-content\/uploads\/2021\/01\/INTERIORS_bialy_png_rgb_bezPola.png&#8221; title_text=&#8221;INTERIORS_bialy_png_rgb_bezPola&#8221; _builder_version=&#8221;4.7.7&#8243; _module_preset=&#8221;default&#8221; width=&#8221;90%&#8221;][\/et_pb_image][\/et_pb_column][\/et_pb_row][\/et_pb_section]<\/p>","protected":false},"excerpt":{"rendered":"<p>WYKO\u0143CZENIE POWIERZCHNISzpachlujemy \u015bciany na g\u0142adko, malujemy na dowolny kolor. Wyko\u0144czymy \u015bcian\u0119 tynkiem dekoracyjnym, lub mikrocementem. Wytapetujemy wybrane powierzchnie. Po\u0142o\u017cymy tak\u017ce ceg\u0142\u0119 dekoracyjn\u0105, zar\u00f3wno &#8222;prawdziw\u0105 star\u0105 ceg\u0142\u0119&#8221;, jak i wsp\u00f3\u0142czesne zamienniki. K\u0142adziemy p\u0142ytki gresowe i ceramiczne, nie tylko o klasycznym prostok\u0105tnym kszta\u0142cie, ale te\u017c heksagony, romby itp.&nbsp; &nbsp;&nbsp; &nbsp;&nbsp; &nbsp;&nbsp; &nbsp;odwied\u017a nas Siedziba firmy, magazyn i [&hellip;]<\/p>","protected":false},"author":1,"featured_media":0,"parent":0,"menu_order":0,"comment_status":"closed","ping_status":"closed","template":"","meta":{"_et_pb_use_builder":"on","_et_pb_old_content":"","_et_gb_content_width":"","footnotes":""},"class_list":["post-820","page","type-page","status-publish","hentry"],"_links":{"self":[{"href":"https:\/\/interiors.eweld.pl\/en\/wp-json\/wp\/v2\/pages\/820","targetHints":{"allow":["GET"]}}],"collection":[{"href":"https:\/\/interiors.eweld.pl\/en\/wp-json\/wp\/v2\/pages"}],"about":[{"href":"https:\/\/interiors.eweld.pl\/en\/wp-json\/wp\/v2\/types\/page"}],"author":[{"embeddable":true,"href":"https:\/\/interiors.eweld.pl\/en\/wp-json\/wp\/v2\/users\/1"}],"replies":[{"embeddable":true,"href":"https:\/\/interiors.eweld.pl\/en\/wp-json\/wp\/v2\/comments?post=820"}],"version-history":[{"count":4,"href":"https:\/\/interiors.eweld.pl\/en\/wp-json\/wp\/v2\/pages\/820\/revisions"}],"predecessor-version":[{"id":1059,"href":"https:\/\/interiors.eweld.pl\/en\/wp-json\/wp\/v2\/pages\/820\/revisions\/1059"}],"wp:attachment":[{"href":"https:\/\/interiors.eweld.pl\/en\/wp-json\/wp\/v2\/media?parent=820"}],"curies":[{"name":"wp","href":"https:\/\/api.w.org\/{rel}","templated":true}]}}